
{"id":31637,"date":"2021-11-16T10:16:28","date_gmt":"2021-11-16T09:16:28","guid":{"rendered":"https:\/\/www.trudi.com\/prodotto\/gatto-charlie\/"},"modified":"2022-09-29T11:30:01","modified_gmt":"2022-09-29T09:30:01","slug":"gatto-charlie","status":"publish","type":"product","link":"https:\/\/trudi.insviluppo.eu\/fr\/prodotto\/gatto-charlie\/","title":{"rendered":"Gatto Charlie"},"content":{"rendered":"<p>Charlie est une chatte toute douce faite d&#8217;un doux poil blanc et orange.<\/p>\n<p>\u00c9l\u00e9gamment accompagn\u00e9e d&#8217;un pr\u00e9cieux ruban en satin ocre jaune autour du cou, elle semble sourire, attentive, \u00e0 son prochain ami. Elle se pr\u00e9sente dans deux positions confortables, dans sa taille M et la plus petite S. La peluche est lavable en machine \u00e0 30\u00b0, lorsque la mesure le permet, sinon elle peut \u00eatre lav\u00e9e \u00e0 la main, \u00e0 l&#8217;aide d&#8217;une \u00e9ponge et d&#8217;un savon neutre.<\/p>\n","protected":false},"excerpt":{"rendered":"<p>Charlie est une chatte toute douce faite d&#8217;un doux poil blanc et orange. \u00c9l\u00e9gamment accompagn\u00e9e d&#8217;un pr\u00e9cieux ruban en satin<\/p>\n","protected":false},"featured_media":31639,"template":"","meta":[],"product_cat":[400,402,60],"product_tag":[348,350,96,153],"acf":[],"_links":{"self":[{"href":"https:\/\/trudi.insviluppo.eu\/fr\/wp-json\/wp\/v2\/product\/31637"}],"collection":[{"href":"https:\/\/trudi.insviluppo.eu\/fr\/wp-json\/wp\/v2\/product"}],"about":[{"href":"https:\/\/trudi.insviluppo.eu\/fr\/wp-json\/wp\/v2\/types\/product"}],"wp:featuredmedia":[{"embeddable":true,"href":"https:\/\/trudi.insviluppo.eu\/fr\/wp-json\/wp\/v2\/media\/31639"}],"wp:attachment":[{"href":"https:\/\/trudi.insviluppo.eu\/fr\/wp-json\/wp\/v2\/media?parent=31637"}],"wp:term":[{"taxonomy":"product_cat","embeddable":true,"href":"https:\/\/trudi.insviluppo.eu\/fr\/wp-json\/wp\/v2\/product_cat?post=31637"},{"taxonomy":"product_tag","embeddable":true,"href":"https:\/\/trudi.insviluppo.eu\/fr\/wp-json\/wp\/v2\/product_tag?post=31637"}],"curies":[{"name":"wp","href":"https:\/\/api.w.org\/{rel}","templated":true}]}}