
{"id":31097,"date":"2022-04-05T17:01:01","date_gmt":"2022-04-05T15:01:01","guid":{"rendered":"https:\/\/www.trudi.com\/prodotto\/trudi-friends-gattino\/"},"modified":"2024-02-12T05:55:31","modified_gmt":"2024-02-12T04:55:31","slug":"trudi-friends-gattino","status":"publish","type":"product","link":"https:\/\/trudi.insviluppo.eu\/fr\/prodotto\/trudi-friends-gattino\/","title":{"rendered":"Trudi Friends Gattino"},"content":{"rendered":"<p>Il gattino Trudi Friends \u00e8 caratterizzato da un soffice manto rigato e grandi occhi ricamati su un dolce e tenero musetto. La linea Trudi Friends, \u00e8 caratterizzata da 8 piccoli amici, dagli occhi vispi e dai musetti felici. I colori abbracciano la fantasia, cos\u00ec come le loro forme. Una linea che lascia lo spazio alla libert\u00e0 di giocare e di immaginare. Il peluche \u00e8 lavabile in lavatrice a 30\u00b0, in alternativa pu\u00f2 essere lavato a mano, utilizzando una spugna e del sapone neutro.<\/p>\n","protected":false},"excerpt":{"rendered":"<p>Il gattino Trudi Friends \u00e8 caratterizzato da un soffice manto rigato e grandi occhi ricamati su un dolce e tenero<\/p>\n","protected":false},"featured_media":31098,"template":"","meta":[],"product_cat":[400,564,304,60],"product_tag":[96,153,348],"acf":[],"_links":{"self":[{"href":"https:\/\/trudi.insviluppo.eu\/fr\/wp-json\/wp\/v2\/product\/31097"}],"collection":[{"href":"https:\/\/trudi.insviluppo.eu\/fr\/wp-json\/wp\/v2\/product"}],"about":[{"href":"https:\/\/trudi.insviluppo.eu\/fr\/wp-json\/wp\/v2\/types\/product"}],"wp:featuredmedia":[{"embeddable":true,"href":"https:\/\/trudi.insviluppo.eu\/fr\/wp-json\/wp\/v2\/media\/31098"}],"wp:attachment":[{"href":"https:\/\/trudi.insviluppo.eu\/fr\/wp-json\/wp\/v2\/media?parent=31097"}],"wp:term":[{"taxonomy":"product_cat","embeddable":true,"href":"https:\/\/trudi.insviluppo.eu\/fr\/wp-json\/wp\/v2\/product_cat?post=31097"},{"taxonomy":"product_tag","embeddable":true,"href":"https:\/\/trudi.insviluppo.eu\/fr\/wp-json\/wp\/v2\/product_tag?post=31097"}],"curies":[{"name":"wp","href":"https:\/\/api.w.org\/{rel}","templated":true}]}}