
{"id":31540,"date":"2022-03-31T05:40:20","date_gmt":"2022-03-31T03:40:20","guid":{"rendered":"https:\/\/www.trudi.com\/prodotto\/marionetta-zebra\/"},"modified":"2024-02-12T05:55:55","modified_gmt":"2024-02-12T04:55:55","slug":"marionetta-zebra","status":"publish","type":"product","link":"https:\/\/trudi.insviluppo.eu\/de\/prodotto\/marionetta-zebra\/","title":{"rendered":"Marionetta Zebra"},"content":{"rendered":"<p>La marionetta Zebra \u00e8 una morbidissima puppet tridimensionale. E\u2019 la prima volta che Trudi realizza una puppet zebra!<br \/>\nPu\u00f2 essere concepita come una divertente marionetta per poter stuzzicare la fantasia dei pi\u00f9 piccoli e dei pi\u00f9 grandi, ma anche come simpatico peluche.<br \/>\nIl peluche \u00e8 lavabile in lavatrice a 30\u00b0, quando la misura lo consente, in alternativa pu\u00f2 essere lavato a mano, utilizzando una spugna e sapone neutro.<\/p>\n","protected":false},"excerpt":{"rendered":"<p>La marionetta Zebra \u00e8 una morbidissima puppet tridimensionale. E\u2019 la prima volta che Trudi realizza una puppet zebra! Pu\u00f2 essere<\/p>\n","protected":false},"featured_media":31230,"template":"","meta":[],"product_cat":[409,441,63,82],"product_tag":[348,96,153],"acf":[],"_links":{"self":[{"href":"https:\/\/trudi.insviluppo.eu\/de\/wp-json\/wp\/v2\/product\/31540"}],"collection":[{"href":"https:\/\/trudi.insviluppo.eu\/de\/wp-json\/wp\/v2\/product"}],"about":[{"href":"https:\/\/trudi.insviluppo.eu\/de\/wp-json\/wp\/v2\/types\/product"}],"wp:featuredmedia":[{"embeddable":true,"href":"https:\/\/trudi.insviluppo.eu\/de\/wp-json\/wp\/v2\/media\/31230"}],"wp:attachment":[{"href":"https:\/\/trudi.insviluppo.eu\/de\/wp-json\/wp\/v2\/media?parent=31540"}],"wp:term":[{"taxonomy":"product_cat","embeddable":true,"href":"https:\/\/trudi.insviluppo.eu\/de\/wp-json\/wp\/v2\/product_cat?post=31540"},{"taxonomy":"product_tag","embeddable":true,"href":"https:\/\/trudi.insviluppo.eu\/de\/wp-json\/wp\/v2\/product_tag?post=31540"}],"curies":[{"name":"wp","href":"https:\/\/api.w.org\/{rel}","templated":true}]}}